{"id":1237,"date":"2019-10-09T06:10:49","date_gmt":"2019-10-09T06:10:49","guid":{"rendered":"http:\/\/demo.shrimpthemes.com\/3\/handstandem\/?page_id=3"},"modified":"2020-07-30T21:18:55","modified_gmt":"2020-07-31T01:18:55","slug":"numerologia","status":"publish","type":"page","link":"https:\/\/artyoga.cl\/?page_id=1237","title":{"rendered":"Numerolog\u00eda"},"content":{"rendered":"\t\t<div data-elementor-type=\"wp-page\" data-elementor-id=\"1237\" class=\"elementor elementor-1237\" data-elementor-settings=\"[]\">\n\t\t\t\t\t\t<div class=\"elementor-inner\">\n\t\t\t\t\t\t\t<div class=\"elementor-section-wrap\">\n\t\t\t\t\t\t\t<section class=\"elementor-section elementor-top-section elementor-element elementor-element-7300b362 elementor-section-boxed elementor-section-height-default elementor-section-height-default\" data-id=\"7300b362\" data-element_type=\"section\">\n\t\t\t\t\t\t<div class=\"elementor-container elementor-column-gap-default\">\n\t\t\t\t\t\t\t<div class=\"elementor-row\">\n\t\t\t\t\t<div class=\"elementor-column elementor-col-100 elementor-top-column elementor-element elementor-element-4075dbff\" data-id=\"4075dbff\" data-element_type=\"column\">\n\t\t\t<div class=\"elementor-column-wrap elementor-element-populated\">\n\t\t\t\t\t\t\t<div class=\"elementor-widget-wrap\">\n\t\t\t\t\t\t<div class=\"elementor-element elementor-element-a28a24 elementor-widget elementor-widget-text-editor\" data-id=\"a28a24\" data-element_type=\"widget\" data-widget_type=\"text-editor.default\">\n\t\t\t\t<div class=\"elementor-widget-container\">\n\t\t\t\t\t\t\t\t<div class=\"elementor-text-editor elementor-clearfix\">\n\t\t\t\t<h2><img loading=\"lazy\" decoding=\"async\" class=\"size-full wp-image-1397 alignright\" src=\"https:\/\/artyoga.cl\/wp-content\/uploads\/2020\/05\/pitagoras.jpg\" alt=\"\" width=\"199\" height=\"254\" \/><br \/>Numerolog\u00eda Pitagoras<\/h2><p>Pit\u00e1goras fue uno de los personajes m\u00e1s conocidos de la historia. Fil\u00f3sofo y matem\u00e1tico griego, vivi\u00f3 entre los a\u00f1os 569 &#8211; 475 A.C en Grecia. Se le considera como uno de los matem\u00e1ticos m\u00e1s puros teniendo grandes avances en geometr\u00eda, helecnica y aritm\u00e9tica. <br \/>Pit\u00e1goras consideraba que el ser humano hab\u00eda sido creado en armon\u00eda. Pensaba que el universo estaba dividido en el mundo natural, divino y humano y as\u00ed como era importante desarrollar nuestra inteligencia, era necesario cultivar y trabajar nuestra alma.<br \/>Gracias a sus grandes viajes pudo formular el conocido Teorema de Pit\u00e1goras. Fue en Egipto donde pudo desarrollar con mayor \u00e9nfasis sus creencias espirituales, y en el \u00e1mbito de la m\u00fasica fue la formulaci\u00f3n de las leyes de la armon\u00eda. <br \/>Sin duda Pit\u00e1goras dejo grandes aportes y descubrimientos para la humanidad, el que nos llev\u00f3 tambi\u00e9n a descubrir la numerolog\u00eda. Para el, los n\u00fameros eran parte de todo lo que est\u00e1 en nuestro universo y son capaces de describir su naturaleza y constituir su esencia.<\/p><p>Los n\u00fameros son m\u00e1gicos, Pit\u00e1goras sabia eso. A trav\u00e9s de los n\u00fameros, las combinaciones entre s\u00ed, cada patr\u00f3n num\u00e9rico, nos da respuestas a lo que podr\u00eda estar pasando en la naturaleza de nuestra vida. <br \/>Esta numerolog\u00eda se basa en fundamentos matem\u00e1ticos de Pit\u00e1goras. Cada n\u00famero adquiere una cualidad (arquetipo) que podemos relacionar con la naturaleza. La numerolog\u00eda Pit\u00e1gora no se considera adivinaci\u00f3n, ya que solo expone tendencias futuras en relaci\u00f3n a la vibraci\u00f3n que LOS n\u00fameros tienen.<br \/>Hay varias l\u00edneas de c\u00e1lculo e interpretaci\u00f3n. La m\u00e1s utilizada son la de Pit\u00e1goras, luego la C\u00e1bala y Gematr\u00eda.<\/p><p><strong>Numerolog\u00eda personal<\/strong> <br \/>Analizar el valor num\u00e9rico de la fecha de nacimiento y el nombre nos da informaci\u00f3n valiosa para el autoconocimiento de la persona. Estos pueden revelar mensajes muy \u00fatiles para saber qu\u00e9 viene aprender y qu\u00e9 desaf\u00edos deber\u00e1 pasar a lo largo de su vida para lograr la misi\u00f3n que viene a vivir a trav\u00e9s de nuestra Flor de la Vida . Nos ayuda a comprender que caracter\u00edsticas personales traemos y de qu\u00e9 manera es preciso poder desarrollarlas. Tambi\u00e9n nos aporta informaci\u00f3n sobre qu\u00e9 a\u00f1o estamos viviendo a nivel numerol\u00f3gico y qu\u00e9 a\u00f1os marcan hitos importantes en nuestra vida.<\/p><p><strong>Numerolog\u00eda y relaciones<\/strong> <br \/>La Numerolog\u00eda tambi\u00e9n nos ayuda a entender como nos relacionamos con nuestro entorno y que venimos a aprender de cada persona que comparte en nuestra vida.<\/p><p><strong>Numerolog\u00eda y Trabajo<\/strong><br \/>\u00bfTienes un negocio? La numerolog\u00eda tambi\u00e9n te da herramientas para conocer el alma de tu negocio . Qu\u00e9 meses son m\u00e1s propicios para el marketing, la firma de documentos, asociaciones, etc. <strong>Eres o quieres ser independiente<\/strong>? Descubre a trav\u00e9s de la numerolog\u00eda si posees cualidades para independizarte, crear tu propio negocio y sacar el mejor provecho a tu vibraci\u00f3n.<\/p><p><strong>\u00bfCambios de casa?<\/strong><br \/>La numerolog\u00eda tambi\u00e9n permite conocer que vibraci\u00f3n num\u00e9rica trae tu casa\/departamento y que cualidades van a ser m\u00e1s f\u00e1ciles de llevar y otras las cuales deber\u00e1n trabajar para lograr la mayor armon\u00eda en el hogar.<\/p><p>Descubre hoy que n\u00fameros traes y como puedes HOY comenzar a hacer los cambios que quieres ver!<\/p><ul><li>Numerolog\u00eda personal con compatibilidades (hasta 4)<\/li><li>Numerolog\u00eda para empresas<\/li><\/ul><p><em><strong>Cont\u00e1ctanos<\/strong>: <\/em><br \/><a href=\"mailto:contacto@artyoga.cl\">contacto@artyoga.cl<\/a><\/p>\t\t\t\t\t<\/div>\n\t\t\t\t\t\t<\/div>\n\t\t\t\t<\/div>\n\t\t\t\t\t\t<\/div>\n\t\t\t\t\t<\/div>\n\t\t<\/div>\n\t\t\t\t\t\t\t\t<\/div>\n\t\t\t\t\t<\/div>\n\t\t<\/section>\n\t\t\t\t<section class=\"elementor-section elementor-top-section elementor-element elementor-element-75d302d elementor-section-boxed elementor-section-height-default elementor-section-height-default\" data-id=\"75d302d\" data-element_type=\"section\">\n\t\t\t\t\t\t<div class=\"elementor-container elementor-column-gap-default\">\n\t\t\t\t\t\t\t<div class=\"elementor-row\">\n\t\t\t\t\t<div class=\"elementor-column elementor-col-100 elementor-top-column elementor-element elementor-element-1f27f53\" data-id=\"1f27f53\" data-element_type=\"column\">\n\t\t\t<div class=\"elementor-column-wrap\">\n\t\t\t\t\t\t\t<div class=\"elementor-widget-wrap\">\n\t\t\t\t\t\t\t\t<\/div>\n\t\t\t\t\t<\/div>\n\t\t<\/div>\n\t\t\t\t\t\t\t\t<\/div>\n\t\t\t\t\t<\/div>\n\t\t<\/section>\n\t\t\t\t<section class=\"elementor-section elementor-top-section elementor-element elementor-element-8741bfd elementor-section-boxed elementor-section-height-default elementor-section-height-default\" data-id=\"8741bfd\" data-element_type=\"section\">\n\t\t\t\t\t\t<div class=\"elementor-container elementor-column-gap-default\">\n\t\t\t\t\t\t\t<div class=\"elementor-row\">\n\t\t\t\t\t<div class=\"elementor-column elementor-col-100 elementor-top-column elementor-element elementor-element-2b9ab16\" data-id=\"2b9ab16\" data-element_type=\"column\">\n\t\t\t<div class=\"elementor-column-wrap elementor-element-populated\">\n\t\t\t\t\t\t\t<div class=\"elementor-widget-wrap\">\n\t\t\t\t\t\t<div class=\"elementor-element elementor-element-c746f2d elementor-widget elementor-widget-image-gallery\" data-id=\"c746f2d\" data-element_type=\"widget\" data-widget_type=\"image-gallery.default\">\n\t\t\t\t<div class=\"elementor-widget-container\">\n\t\t\t\t\t<div class=\"elementor-image-gallery\">\n\t\t\t<div id='gallery-1' class='gallery galleryid-1237 gallery-columns-3 gallery-size-medium'><figure class='gallery-item'>\n\t\t\t<div class='gallery-icon landscape'>\n\t\t\t\t<a data-elementor-open-lightbox=\"yes\" data-elementor-lightbox-slideshow=\"c746f2d\" href='https:\/\/artyoga.cl\/wp-content\/uploads\/2020\/05\/Nume-1.jpg'><img loading=\"lazy\" decoding=\"async\" width=\"300\" height=\"282\" src=\"https:\/\/artyoga.cl\/wp-content\/uploads\/2020\/05\/Nume-1-300x282.jpg\" class=\"attachment-medium size-medium\" alt=\"\" srcset=\"https:\/\/artyoga.cl\/wp-content\/uploads\/2020\/05\/Nume-1-300x282.jpg 300w, https:\/\/artyoga.cl\/wp-content\/uploads\/2020\/05\/Nume-1.jpg 732w\" sizes=\"auto, (max-width: 300px) 100vw, 300px\" \/><\/a>\n\t\t\t<\/div><\/figure><figure class='gallery-item'>\n\t\t\t<div class='gallery-icon landscape'>\n\t\t\t\t<a data-elementor-open-lightbox=\"yes\" data-elementor-lightbox-slideshow=\"c746f2d\" href='https:\/\/artyoga.cl\/wp-content\/uploads\/2020\/05\/Nume-2.jpg'><img loading=\"lazy\" decoding=\"async\" width=\"300\" height=\"206\" src=\"https:\/\/artyoga.cl\/wp-content\/uploads\/2020\/05\/Nume-2-300x206.jpg\" class=\"attachment-medium size-medium\" alt=\"\" srcset=\"https:\/\/artyoga.cl\/wp-content\/uploads\/2020\/05\/Nume-2-300x206.jpg 300w, https:\/\/artyoga.cl\/wp-content\/uploads\/2020\/05\/Nume-2-768x528.jpg 768w, https:\/\/artyoga.cl\/wp-content\/uploads\/2020\/05\/Nume-2.jpg 800w\" sizes=\"auto, (max-width: 300px) 100vw, 300px\" \/><\/a>\n\t\t\t<\/div><\/figure><figure class='gallery-item'>\n\t\t\t<div class='gallery-icon landscape'>\n\t\t\t\t<a data-elementor-open-lightbox=\"yes\" data-elementor-lightbox-slideshow=\"c746f2d\" href='https:\/\/artyoga.cl\/wp-content\/uploads\/2020\/05\/Nume-3.jpg'><img loading=\"lazy\" decoding=\"async\" width=\"300\" height=\"206\" src=\"https:\/\/artyoga.cl\/wp-content\/uploads\/2020\/05\/Nume-3-300x206.jpg\" class=\"attachment-medium size-medium\" alt=\"\" srcset=\"https:\/\/artyoga.cl\/wp-content\/uploads\/2020\/05\/Nume-3-300x206.jpg 300w, https:\/\/artyoga.cl\/wp-content\/uploads\/2020\/05\/Nume-3-768x528.jpg 768w, https:\/\/artyoga.cl\/wp-content\/uploads\/2020\/05\/Nume-3.jpg 800w\" sizes=\"auto, (max-width: 300px) 100vw, 300px\" \/><\/a>\n\t\t\t<\/div><\/figure>\n\t\t<\/div>\n\t\t<\/div>\n\t\t\t\t<\/div>\n\t\t\t\t<\/div>\n\t\t\t\t\t\t<\/div>\n\t\t\t\t\t<\/div>\n\t\t<\/div>\n\t\t\t\t\t\t\t\t<\/div>\n\t\t\t\t\t<\/div>\n\t\t<\/section>\n\t\t\t\t\t\t<\/div>\n\t\t\t\t\t\t<\/div>\n\t\t\t\t\t<\/div>\n\t\t","protected":false},"excerpt":{"rendered":"<p>Numerolog\u00eda Pitagoras Pit\u00e1goras fue uno de los personajes m\u00e1s conocidos de la historia. Fil\u00f3sofo y matem\u00e1tico griego, vivi\u00f3 entre los a\u00f1os 569 &#8211; 475 A.C en Grecia. Se le considera como uno de los matem\u00e1ticos m\u00e1s puros teniendo grandes avances en geometr\u00eda, helecnica y aritm\u00e9tica. Pit\u00e1goras consideraba que el ser humano hab\u00eda sido creado en [&hellip;]<\/p>\n","protected":false},"author":1,"featured_media":0,"parent":0,"menu_order":0,"comment_status":"closed","ping_status":"open","template":"","meta":{"_monsterinsights_skip_tracking":false,"_monsterinsights_sitenote_active":false,"_monsterinsights_sitenote_note":"","_monsterinsights_sitenote_category":0,"footnotes":""},"class_list":["post-1237","page","type-page","status-publish","hentry"],"_links":{"self":[{"href":"https:\/\/artyoga.cl\/index.php?rest_route=\/wp\/v2\/pages\/1237","targetHints":{"allow":["GET"]}}],"collection":[{"href":"https:\/\/artyoga.cl\/index.php?rest_route=\/wp\/v2\/pages"}],"about":[{"href":"https:\/\/artyoga.cl\/index.php?rest_route=\/wp\/v2\/types\/page"}],"author":[{"embeddable":true,"href":"https:\/\/artyoga.cl\/index.php?rest_route=\/wp\/v2\/users\/1"}],"replies":[{"embeddable":true,"href":"https:\/\/artyoga.cl\/index.php?rest_route=%2Fwp%2Fv2%2Fcomments&post=1237"}],"version-history":[{"count":11,"href":"https:\/\/artyoga.cl\/index.php?rest_route=\/wp\/v2\/pages\/1237\/revisions"}],"predecessor-version":[{"id":1558,"href":"https:\/\/artyoga.cl\/index.php?rest_route=\/wp\/v2\/pages\/1237\/revisions\/1558"}],"wp:attachment":[{"href":"https:\/\/artyoga.cl\/index.php?rest_route=%2Fwp%2Fv2%2Fmedia&parent=1237"}],"curies":[{"name":"wp","href":"https:\/\/api.w.org\/{rel}","templated":true}]}}